{"id":75,"date":"2018-12-14T22:16:52","date_gmt":"2018-12-14T21:16:52","guid":{"rendered":"http:\/\/multisite-sciences.uqam.ca\/laboratoiresnaturels\/?page_id=75"},"modified":"2019-01-28T00:58:18","modified_gmt":"2019-01-27T23:58:18","slug":"financement","status":"publish","type":"page","link":"https:\/\/multisite-sciences.uqam.ca\/laboratoiresnaturels\/financement\/","title":{"rendered":"Financement"},"content":{"rendered":"<p>Plusieurs organismes ont contribu\u00e9 financi\u00e8rement aux divers projets de recherche au mont Covey Hill:<\/p><ul><li><a href=\"http:\/\/www.nserc-crsng.gc.ca\/Index_fra.asp\">Le Conseil de recherches en sciences naturelles et en g\u00e9nie du Canada (CRSNG)<\/a><\/li><li><a href=\"http:\/\/www.ec.gc.ca\/\">Environnement Canada<\/a>, Service canadien de la faune \u2013 Programme d\u2019intendance de l\u2019habitat (PIH) pour les esp\u00e8ces en p\u00e9ril<\/li><li><a href=\"http:\/\/www.fondationdelafaune.qc.ca\/\">Fondation de la Faune du Qu\u00e9bec<\/a><\/li><li>La Fondation ELJB<\/li><li><a href=\"http:\/\/www.mddelcc.gouv.qc.ca\/\">Minist\u00e8re du d\u00e9veloppement durable, de l\u2019environnement et de la Lutte contre les changements climatiques (MDDELCC)<\/a><\/li><li><a href=\"http:\/\/www.mffp.gouv.qc.ca\">Minist\u00e8re des For\u00eats, de la Faune et des Parcs (MFFP)<\/a><\/li><li><a href=\"http:\/\/www.mec.ca\/Main\/home.jsp\">Mountain Equipment Coop (MEC)<\/a><\/li><li><a href=\"http:\/\/www.ouranos.ca\/\">Ouranos<\/a><\/li><li><a href=\"http:\/\/www.edsc.gc.ca\/fra\/accueil.shtml\">Ressources Humaines et d\u00e9veloppement social du Canada<\/a><\/li><li><a href=\"http:\/\/www.salamanderfoundation.org\/\">The Salamander Foundation<\/a><\/li><li><a href=\"http:\/\/www.shell.ca\/fr.html\">Shell Canada<\/a><\/li><li>The Wainwright Fund<\/li><li><a href=\"http:\/\/www.worldwildlife.org\/\">World Wildlife Fund<\/a>\u00a0\u2013\u00a0<a href=\"http:\/\/www.ec.gc.ca\/hsp-pih\/default.asp?lang=Fr&amp;n=59BF488F-1\">Fonds de r\u00e9tablissement des esp\u00e8ces en p\u00e9ril (FREP)<\/a><\/li><\/ul>","protected":false},"excerpt":{"rendered":"<p>Plusieurs organismes ont contribu\u00e9 financi\u00e8rement aux divers projets de recherche au mont Covey Hill:Le Conseil de recherches en sciences naturelles et en g\u00e9nie du Canada (CRSNG)Environnement Canada, Service canadien de <a class=\"more-link\" href=\"https:\/\/multisite-sciences.uqam.ca\/laboratoiresnaturels\/financement\/\">Continuer la lecture \u2192<\/a><\/p>\n","protected":false},"author":3,"featured_media":0,"parent":0,"menu_order":0,"comment_status":"closed","ping_status":"closed","template":"","meta":{"footnotes":""},"class_list":["post-75","page","type-page","status-publish","hentry"],"_links":{"self":[{"href":"https:\/\/multisite-sciences.uqam.ca\/laboratoiresnaturels\/wp-json\/wp\/v2\/pages\/75","targetHints":{"allow":["GET"]}}],"collection":[{"href":"https:\/\/multisite-sciences.uqam.ca\/laboratoiresnaturels\/wp-json\/wp\/v2\/pages"}],"about":[{"href":"https:\/\/multisite-sciences.uqam.ca\/laboratoiresnaturels\/wp-json\/wp\/v2\/types\/page"}],"author":[{"embeddable":true,"href":"https:\/\/multisite-sciences.uqam.ca\/laboratoiresnaturels\/wp-json\/wp\/v2\/users\/3"}],"replies":[{"embeddable":true,"href":"https:\/\/multisite-sciences.uqam.ca\/laboratoiresnaturels\/wp-json\/wp\/v2\/comments?post=75"}],"version-history":[{"count":4,"href":"https:\/\/multisite-sciences.uqam.ca\/laboratoiresnaturels\/wp-json\/wp\/v2\/pages\/75\/revisions"}],"predecessor-version":[{"id":436,"href":"https:\/\/multisite-sciences.uqam.ca\/laboratoiresnaturels\/wp-json\/wp\/v2\/pages\/75\/revisions\/436"}],"wp:attachment":[{"href":"https:\/\/multisite-sciences.uqam.ca\/laboratoiresnaturels\/wp-json\/wp\/v2\/media?parent=75"}],"curies":[{"name":"wp","href":"https:\/\/api.w.org\/{rel}","templated":true}]}}