{"id":72,"date":"2018-12-14T22:13:26","date_gmt":"2018-12-14T21:13:26","guid":{"rendered":"http:\/\/multisite-sciences.uqam.ca\/laboratoiresnaturels\/?page_id=72"},"modified":"2019-01-28T00:54:29","modified_gmt":"2019-01-27T23:54:29","slug":"projets-de-recherche","status":"publish","type":"page","link":"https:\/\/multisite-sciences.uqam.ca\/laboratoiresnaturels\/projets-de-recherche\/","title":{"rendered":"Projets de recherche r\u00e9cents"},"content":{"rendered":"<h3><strong>Mod\u00e9lisation hydrog\u00e9ologique et mod\u00e9lisation des populations de salamandres sur le mont Covey Hill: perspectives pour la conservation des habitats en pr\u00e9sence de changements climatiques (2010-2013)<\/strong><\/h3><p><strong>Responsable&nbsp;:<\/strong> M. Larocque (D\u00e9p. Sciences de la Terre et atmosph\u00e8re, UQAM)<br\/><strong>Partenaires :&nbsp;<\/strong>UQAM, U. Montr\u00e9al, U. McGill, IRBV, U. Laval<br\/><strong>Financement :&nbsp;<\/strong>Ouranos<\/p><h3><strong>\u00c9changes eau de surface \u2013 eau souterraine dans les cours d\u2019eau de la zone de recharge du mont Covey Hill (2007-2009)<\/strong><\/h3><p><strong>Responsables<\/strong>&nbsp;: Sylvain Gagn\u00e9, \u00e9tudiant M.Sc. Terre, UQAM<br\/><strong>Financement<\/strong>&nbsp;: FQRNT<\/p><h3><strong>\u00c9tude pal\u00e9o\u00e9cologique du mont Covey Hill (2007-2008)<\/strong><\/h3><p><strong>Responsables<\/strong>&nbsp;: M. Lavoie (Centre d\u2019\u00e9tudes nordiques, U. Laval) et S. Pellerin (IRBV-Jardin botanique de Montr\u00e9al)<br\/><strong>Financement<\/strong>&nbsp;: CRSNG<\/p><h3><strong>\u00c9tablissement d\u2019un protocole de suivi de la Salamandre sombre des montagnes et de la Salamandre pourpre au mont Covey Hill (2007)<\/strong><\/h3><p><strong>Responsable<\/strong>&nbsp;: M. Larocque (D\u00e9p. Sciences de la Terre et atmosph\u00e8re, UQAM)<br\/><strong>Financement<\/strong>&nbsp;: WWF-FREP, MDDEP, MRNF, Fondation de la Faune du Qu\u00e9bec, CRSNG, Mountain Equipment Coop (MEC)<\/p>","protected":false},"excerpt":{"rendered":"<p>Mod\u00e9lisation hydrog\u00e9ologique et mod\u00e9lisation des populations de salamandres sur le mont Covey Hill: perspectives pour la conservation des habitats en pr\u00e9sence de changements climatiques (2010-2013)Responsable&nbsp;: M. Larocque (D\u00e9p. Sciences de <a class=\"more-link\" href=\"https:\/\/multisite-sciences.uqam.ca\/laboratoiresnaturels\/projets-de-recherche\/\">Continuer la lecture \u2192<\/a><\/p>\n","protected":false},"author":3,"featured_media":0,"parent":0,"menu_order":0,"comment_status":"closed","ping_status":"closed","template":"","meta":{"footnotes":""},"class_list":["post-72","page","type-page","status-publish","hentry"],"_links":{"self":[{"href":"https:\/\/multisite-sciences.uqam.ca\/laboratoiresnaturels\/wp-json\/wp\/v2\/pages\/72","targetHints":{"allow":["GET"]}}],"collection":[{"href":"https:\/\/multisite-sciences.uqam.ca\/laboratoiresnaturels\/wp-json\/wp\/v2\/pages"}],"about":[{"href":"https:\/\/multisite-sciences.uqam.ca\/laboratoiresnaturels\/wp-json\/wp\/v2\/types\/page"}],"author":[{"embeddable":true,"href":"https:\/\/multisite-sciences.uqam.ca\/laboratoiresnaturels\/wp-json\/wp\/v2\/users\/3"}],"replies":[{"embeddable":true,"href":"https:\/\/multisite-sciences.uqam.ca\/laboratoiresnaturels\/wp-json\/wp\/v2\/comments?post=72"}],"version-history":[{"count":5,"href":"https:\/\/multisite-sciences.uqam.ca\/laboratoiresnaturels\/wp-json\/wp\/v2\/pages\/72\/revisions"}],"predecessor-version":[{"id":435,"href":"https:\/\/multisite-sciences.uqam.ca\/laboratoiresnaturels\/wp-json\/wp\/v2\/pages\/72\/revisions\/435"}],"wp:attachment":[{"href":"https:\/\/multisite-sciences.uqam.ca\/laboratoiresnaturels\/wp-json\/wp\/v2\/media?parent=72"}],"curies":[{"name":"wp","href":"https:\/\/api.w.org\/{rel}","templated":true}]}}