{"id":66,"date":"2018-12-14T22:00:37","date_gmt":"2018-12-14T21:00:37","guid":{"rendered":"http:\/\/multisite-sciences.uqam.ca\/laboratoiresnaturels\/?page_id=66"},"modified":"2023-03-02T20:25:42","modified_gmt":"2023-03-02T19:25:42","slug":"nous-joindre","status":"publish","type":"page","link":"https:\/\/multisite-sciences.uqam.ca\/laboratoiresnaturels\/nous-joindre\/","title":{"rendered":"Nous joindre"},"content":{"rendered":"<\/p><p><strong>Localisation :<\/strong><br\/>Conservation de la Nature Canada<br\/>1055, boul. Ren\u00e9-L\u00e9vesque Est, bureau 300 <br\/>Montr\u00e9al, QC H2L 4S5 &#8211; Canada<\/p><p>\u00a0<\/p><p><strong>Contact : <\/strong><strong>Val\u00e9rie Ren\u00e9, coordonnatrice de projet<\/strong><br\/><strong><a href=\"mailto:valerie.rene@conservationdelanature.ca\">valerie.rene@conservationdelanature.ca<\/a><br\/>T\u00e9l. :\u00a0<\/strong>(514) 876-1606 poste 6293<\/p><p>\u00a0<\/p>","protected":false},"excerpt":{"rendered":"<p>Localisation :Conservation de la Nature Canada1055, boul. Ren\u00e9-L\u00e9vesque Est, bureau 300 Montr\u00e9al, QC H2L 4S5 &#8211; Canada\u00a0Contact : Val\u00e9rie Ren\u00e9, coordonnatrice de projetvalerie.rene@conservationdelanature.caT\u00e9l. :\u00a0(514) 876-1606 poste 6293\u00a0<\/p>\n","protected":false},"author":3,"featured_media":0,"parent":0,"menu_order":0,"comment_status":"closed","ping_status":"closed","template":"","meta":{"footnotes":""},"class_list":["post-66","page","type-page","status-publish","hentry"],"_links":{"self":[{"href":"https:\/\/multisite-sciences.uqam.ca\/laboratoiresnaturels\/wp-json\/wp\/v2\/pages\/66","targetHints":{"allow":["GET"]}}],"collection":[{"href":"https:\/\/multisite-sciences.uqam.ca\/laboratoiresnaturels\/wp-json\/wp\/v2\/pages"}],"about":[{"href":"https:\/\/multisite-sciences.uqam.ca\/laboratoiresnaturels\/wp-json\/wp\/v2\/types\/page"}],"author":[{"embeddable":true,"href":"https:\/\/multisite-sciences.uqam.ca\/laboratoiresnaturels\/wp-json\/wp\/v2\/users\/3"}],"replies":[{"embeddable":true,"href":"https:\/\/multisite-sciences.uqam.ca\/laboratoiresnaturels\/wp-json\/wp\/v2\/comments?post=66"}],"version-history":[{"count":6,"href":"https:\/\/multisite-sciences.uqam.ca\/laboratoiresnaturels\/wp-json\/wp\/v2\/pages\/66\/revisions"}],"predecessor-version":[{"id":522,"href":"https:\/\/multisite-sciences.uqam.ca\/laboratoiresnaturels\/wp-json\/wp\/v2\/pages\/66\/revisions\/522"}],"wp:attachment":[{"href":"https:\/\/multisite-sciences.uqam.ca\/laboratoiresnaturels\/wp-json\/wp\/v2\/media?parent=66"}],"curies":[{"name":"wp","href":"https:\/\/api.w.org\/{rel}","templated":true}]}}