{"id":53,"date":"2018-12-14T18:36:49","date_gmt":"2018-12-14T17:36:49","guid":{"rendered":"http:\/\/multisite-sciences.uqam.ca\/laboratoiresnaturels\/?page_id=53"},"modified":"2019-02-08T15:27:14","modified_gmt":"2019-02-08T14:27:14","slug":"a-propos","status":"publish","type":"page","link":"https:\/\/multisite-sciences.uqam.ca\/laboratoiresnaturels\/","title":{"rendered":"Laboratoire naturel du Mont Covey Hill"},"content":{"rendered":"<p><\/p><p><\/p><h1>Mission<\/h1><p>Le Laboratoire naturel\u00a0du mont Covey Hill a pour mission de favoriser la recherche multidisciplinaire sur les composantes des \u00e9cosyst\u00e8mes du mont Covey Hill afin de mieux comprendre leur fonctionnement, de conna\u00eetre les impacts des pressions humaines et naturelles sur l&rsquo;hydrologie, les habitats et sur les populations v\u00e9g\u00e9tales et animales, et de favoriser la conservation du milieu.\u00a0Les probl\u00e9matiques faisant l\u2019objet d\u2019un int\u00e9r\u00eat sp\u00e9cifique au Laboratoire naturel sont les suivantes :<\/p><p><\/p><ul class=\"wp-block-list\"><li>Dynamique hydrologique et hydrog\u00e9ologique <\/li><li>Populations de salamandres rares et menac\u00e9es<\/li><li>\u00c9cologie v\u00e9g\u00e9tale de la tourbi\u00e8re<\/li><li>Effets des changements climatiques sur l\u2019hydrosyst\u00e8me de la colline<\/li><li>Pal\u00e9o\u00e9cologie<\/li><\/ul><p><\/p> <img decoding=\"async\" src=\"https:\/\/multisite-sciences.uqam.ca\/laboratoiresnaturels\/wp-content\/uploads\/sites\/3\/elementor\/thumbs\/R\u00e9surgence-Covey-Hill-o0pqjblyzs1pl6tsydte3280zif1n954vfaxzqe4g0.jpg\" title=\"Ruisseau\" alt=\"Ruisseau\"\/> <h2>\u00c0 propos de Conservation nature\u200b Canada<\/h2> <p><a href=\"http:\/\/www.natureconservancy.ca\/fr\/\" target=\"_blank\" rel=\"noopener\">Conservation de la nature Canada<\/a> (CNC) est le chef de file au Qu\u00e9bec et au Canada en mati\u00e8re de protection des milieux naturels en terres priv\u00e9es, ainsi que des animaux et des plantes qu\u2019ils abritent. Depuis 1962, l\u2019organisme de bienfaisance a prot\u00e9g\u00e9 plus de 1,1 million d\u2019hectares de sites exceptionnels au pays, dont 45 000 au Qu\u00e9bec. C\u2019est en acqu\u00e9rant et en prot\u00e9geant ces milieux naturels qu\u2019il est possible de les rendre accessibles aux g\u00e9n\u00e9rations pr\u00e9sentes et futures.<\/p><p>CNC applique une d\u00e9marche et une expertise scientifiques pour cibler les habitats et les esp\u00e8ces \u00e0 prot\u00e9ger au Qu\u00e9bec. Une planification rigoureuse permet d\u2019assurer l\u2019avenir de ces cibles de conservation.<\/p><p>CNC oeuvre dans le secteur de Covey Hill depuis plus de 20 ans. \u00c0 ce jour, gr\u00e2ce \u00e0 ses bailleurs de fonds et \u00e0 ses partenaires, CNC y a prot\u00e9g\u00e9 plus de 500 hectares d&rsquo;habitats naturels d&rsquo;int\u00e9r\u00eat sur sept propri\u00e9t\u00e9s priv\u00e9es. Nos activit\u00e9s sur le mont Covey Hill portent sur la conservation des terres \u00e0 forte valeur \u00e9cologique, notamment la grande tourbi\u00e8re de Covey Hill ainsi que les ruisseaux et zones de r\u00e9surgence d&rsquo;eau souterraine en milieu forestier qui constituent l&rsquo;habitat des salamandres de ruisseaux.<\/p>","protected":false},"excerpt":{"rendered":"<p>MissionLe Laboratoire naturel\u00a0du mont Covey Hill a pour mission de favoriser la recherche multidisciplinaire sur les composantes des \u00e9cosyst\u00e8mes du mont Covey Hill afin de mieux comprendre leur fonctionnement, de <a class=\"more-link\" href=\"https:\/\/multisite-sciences.uqam.ca\/laboratoiresnaturels\/\">Continuer la lecture \u2192<\/a><\/p>\n","protected":false},"author":3,"featured_media":48,"parent":0,"menu_order":0,"comment_status":"closed","ping_status":"closed","template":"","meta":{"footnotes":""},"class_list":["post-53","page","type-page","status-publish","has-post-thumbnail","hentry"],"_links":{"self":[{"href":"https:\/\/multisite-sciences.uqam.ca\/laboratoiresnaturels\/wp-json\/wp\/v2\/pages\/53","targetHints":{"allow":["GET"]}}],"collection":[{"href":"https:\/\/multisite-sciences.uqam.ca\/laboratoiresnaturels\/wp-json\/wp\/v2\/pages"}],"about":[{"href":"https:\/\/multisite-sciences.uqam.ca\/laboratoiresnaturels\/wp-json\/wp\/v2\/types\/page"}],"author":[{"embeddable":true,"href":"https:\/\/multisite-sciences.uqam.ca\/laboratoiresnaturels\/wp-json\/wp\/v2\/users\/3"}],"replies":[{"embeddable":true,"href":"https:\/\/multisite-sciences.uqam.ca\/laboratoiresnaturels\/wp-json\/wp\/v2\/comments?post=53"}],"version-history":[{"count":49,"href":"https:\/\/multisite-sciences.uqam.ca\/laboratoiresnaturels\/wp-json\/wp\/v2\/pages\/53\/revisions"}],"predecessor-version":[{"id":494,"href":"https:\/\/multisite-sciences.uqam.ca\/laboratoiresnaturels\/wp-json\/wp\/v2\/pages\/53\/revisions\/494"}],"wp:featuredmedia":[{"embeddable":true,"href":"https:\/\/multisite-sciences.uqam.ca\/laboratoiresnaturels\/wp-json\/wp\/v2\/media\/48"}],"wp:attachment":[{"href":"https:\/\/multisite-sciences.uqam.ca\/laboratoiresnaturels\/wp-json\/wp\/v2\/media?parent=53"}],"curies":[{"name":"wp","href":"https:\/\/api.w.org\/{rel}","templated":true}]}}